{"id":741,"date":"2023-01-31T21:04:54","date_gmt":"2023-01-31T21:04:54","guid":{"rendered":"https:\/\/navegocontigo.com\/tienda\/"},"modified":"2023-03-14T19:21:35","modified_gmt":"2023-03-14T19:21:35","slug":"shop","status":"publish","type":"page","link":"https:\/\/navegocontigo.com\/es\/shop\/","title":{"rendered":"Shop"},"content":{"rendered":"<p>[et_pb_section fb_built=&#8221;1&#8243; _builder_version=&#8221;4.17.6&#8243; _module_preset=&#8221;default&#8221; background_image=&#8221;https:\/\/navegocontigo.com\/wp-content\/uploads\/2022\/12\/IMG_0113.jpg&#8221; min_height=&#8221;517px&#8221; global_colors_info=&#8221;{}&#8221; custom_padding=&#8221;269px||227px|||&#8221;][et_pb_row _builder_version=&#8221;4.17.6&#8243; _module_preset=&#8221;default&#8221;][et_pb_column _builder_version=&#8221;4.17.6&#8243; _module_preset=&#8221;default&#8221; type=&#8221;4_4&#8243;][et_pb_text _builder_version=&#8221;4.17.6&#8243; _module_preset=&#8221;default&#8221; sticky_enabled=&#8221;0&#8243; header_font=&#8221;Courier Prime||||||||&#8221; header_font_size=&#8221;90px&#8221; header_font_size_tablet=&#8221;40px&#8221; header_font_size_phone=&#8221;24px&#8221; header_font_size_last_edited=&#8221;on|desktop&#8221; background_layout=&#8221;dark&#8221; hover_enabled=&#8221;0&#8243; text_font_size=&#8221;74px&#8221;]<\/p>\n<p>Experiences<\/p>\n<p>[\/et_pb_text][\/et_pb_column][\/et_pb_row][et_pb_row _builder_version=&#8221;4.17.6&#8243; _module_preset=&#8221;default&#8221;][et_pb_column _builder_version=&#8221;4.17.6&#8243; _module_preset=&#8221;default&#8221; type=&#8221;4_4&#8243;][et_pb_divider _builder_version=&#8221;4.17.6&#8243; _module_preset=&#8221;default&#8221; color=&#8221;#ffffff&#8221; hover_enabled=&#8221;0&#8243; sticky_enabled=&#8221;0&#8243; width=&#8221;46%&#8221;][\/et_pb_divider][\/et_pb_column][\/et_pb_row][\/et_pb_section][et_pb_section fb_built=&#8221;1&#8243; admin_label=&#8221;Services&#8221; _builder_version=&#8221;4.17.6&#8243; custom_padding=&#8221;0px||0px|||&#8221; global_colors_info=&#8221;{}&#8221; theme_builder_area=&#8221;post_content&#8221;][et_pb_row column_structure=&#8221;1_2,1_2&#8243; use_custom_gutter=&#8221;on&#8221; gutter_width=&#8221;1&#8243; make_equal=&#8221;on&#8221; _builder_version=&#8221;4.17.6&#8243; width=&#8221;100%&#8221; max_width=&#8221;2560px&#8221; custom_padding=&#8221;0px||0px||true|&#8221; locked=&#8221;off&#8221; global_colors_info=&#8221;{}&#8221; z_index__hover_enabled=&#8221;on|hover&#8221; z_index__hover=&#8221;20&#8243; theme_builder_area=&#8221;post_content&#8221;][et_pb_column type=&#8221;1_2&#8243; _builder_version=&#8221;4.17.6&#8243; use_background_color_gradient=&#8221;on&#8221; background_color_gradient_stops=&#8221;rgba(67,78,92,0.32) 0%|rgba(33,38,45,0.64) 100%&#8221; background_color_gradient_overlays_image=&#8221;on&#8221; background_color_gradient_start=&#8221;rgba(67,78,92,0.32)&#8221; background_color_gradient_end=&#8221;rgba(33,38,45,0.64)&#8221; background_image=&#8221;https:\/\/navegocontigo.com\/wp-content\/uploads\/2022\/08\/IMG_5890-1-scaled.jpg&#8221; link_option_url=&#8221;#&#8221; border_width_all=&#8221;1px&#8221; border_color_all=&#8221;#ffffff&#8221; box_shadow_style=&#8221;preset3&#8243; box_shadow_spread=&#8221;-32px&#8221; box_shadow_color=&#8221;rgba(0,0,0,0)&#8221; global_colors_info=&#8221;{}&#8221; z_index__hover_enabled=&#8221;on|desktop&#8221; z_index__hover=&#8221;20&#8243; transform_styles__hover_enabled=&#8221;on|hover&#8221; transform_scale__hover_enabled=&#8221;on|hover&#8221; transform_translate__hover_enabled=&#8221;on|desktop&#8221; transform_rotate__hover_enabled=&#8221;on|desktop&#8221; transform_skew__hover_enabled=&#8221;on|desktop&#8221; transform_origin__hover_enabled=&#8221;on|desktop&#8221; transform_scale__hover=&#8221;108%|108%&#8221; box_shadow_color__hover_enabled=&#8221;on|hover&#8221; box_shadow_vertical__hover_enabled=&#8221;on|hover&#8221; box_shadow_horizontal__hover_enabled=&#8221;off|hover&#8221; box_shadow_blur__hover_enabled=&#8221;on|hover&#8221; box_shadow_color__hover=&#8221;rgba(0,0,0,0.56)&#8221; box_shadow_vertical__hover=&#8221;64px&#8221; box_shadow_blur__hover=&#8221;64px&#8221; background__hover_enabled=&#8221;on|desktop&#8221; background_color_gradient_end__hover=&#8221;rgba(31,31,38,0.88)&#8221; background_color_gradient_start__hover=&#8221;rgba(31,31,38,0.88)&#8221; background_color_gradient_stops__hover=&#8221;rgba(31,31,38,0.88) 0%|rgba(31,31,38,0.88) 100%&#8221; theme_builder_area=&#8221;post_content&#8221;][et_pb_text _builder_version=&#8221;4.17.6&#8243; header_3_font=&#8221;Courier Prime||||||||&#8221; header_3_font_size=&#8221;30px&#8221; header_3_line_height=&#8221;1.3em&#8221; header_4_font=&#8221;ABeeZee|700||on|||||&#8221; header_4_text_color=&#8221;#ffffff&#8221; header_4_font_size=&#8221;14px&#8221; header_4_letter_spacing=&#8221;2px&#8221; header_4_line_height=&#8221;1.4em&#8221; background_layout=&#8221;dark&#8221; custom_margin=&#8221;20px|20px|20px|20px|true|true&#8221; custom_padding=&#8221;60%|20px|20px|20px|false|true&#8221; custom_padding_tablet=&#8221;30%|10px|10px|10px|false|true&#8221; custom_padding_phone=&#8221;&#8221; custom_padding_last_edited=&#8221;on|tablet&#8221; header_3_font_size_tablet=&#8221;22px&#8221; header_3_font_size_phone=&#8221;20px&#8221; header_3_font_size_last_edited=&#8221;on|phone&#8221; border_width_all=&#8221;2px&#8221; border_color_all=&#8221;rgba(190,168,143,0)&#8221; border_style_all=&#8221;dashed&#8221; locked=&#8221;off&#8221; global_colors_info=&#8221;{}&#8221; border_color_all__hover_enabled=&#8221;on|desktop&#8221; border_color_all__hover=&#8221;rgba(190,168,143,0.32)&#8221; theme_builder_area=&#8221;post_content&#8221;]<\/p>\n<h3>Rumbo a ITACA<\/h3>\n<h4>Si te apetece navegar a conciencia,<\/h4>\n<h4>trae a tus compa\u00f1eros de viaje y disfruta de ITACA por un d\u00eda entero.\u00a0<\/h4>\n<p>[\/et_pb_text][et_pb_button button_url=&#8221;@ET-DC@eyJkeW5hbWljIjp0cnVlLCJjb250ZW50IjoicG9zdF9saW5rX3VybF9wcm9kdWN0Iiwic2V0dGluZ3MiOnsicG9zdF9pZCI6IjkwOSJ9fQ==@&#8221; button_text=&#8221;Explore,,,&#8221; _builder_version=&#8221;4.17.6&#8243; _dynamic_attributes=&#8221;button_url&#8221; _module_preset=&#8221;default&#8221; custom_button=&#8221;on&#8221; button_text_size=&#8221;16px&#8221; button_text_color=&#8221;#FFFFFF&#8221; custom_margin=&#8221;-19px||32px|38px|false|false&#8221; global_colors_info=&#8221;{}&#8221; theme_builder_area=&#8221;post_content&#8221;][\/et_pb_button][\/et_pb_column][et_pb_column type=&#8221;1_2&#8243; _builder_version=&#8221;4.17.6&#8243; use_background_color_gradient=&#8221;on&#8221; background_color_gradient_stops=&#8221;rgba(67,78,92,0.32) 0%|rgba(33,38,45,0.64) 100%&#8221; background_color_gradient_overlays_image=&#8221;on&#8221; background_color_gradient_start=&#8221;rgba(67,78,92,0.32)&#8221; background_color_gradient_end=&#8221;rgba(33,38,45,0.64)&#8221; background_image=&#8221;https:\/\/navegocontigo.com\/wp-content\/uploads\/2022\/08\/IMG_6088-scaled.jpg&#8221; link_option_url=&#8221;#&#8221; border_width_all=&#8221;1px&#8221; border_color_all=&#8221;#ffffff&#8221; box_shadow_style=&#8221;preset3&#8243; box_shadow_spread=&#8221;-32px&#8221; box_shadow_color=&#8221;rgba(0,0,0,0)&#8221; global_colors_info=&#8221;{}&#8221; z_index__hover_enabled=&#8221;on|desktop&#8221; z_index__hover=&#8221;20&#8243; transform_styles__hover_enabled=&#8221;on|hover&#8221; transform_scale__hover_enabled=&#8221;on|hover&#8221; transform_translate__hover_enabled=&#8221;on|desktop&#8221; transform_rotate__hover_enabled=&#8221;on|desktop&#8221; transform_skew__hover_enabled=&#8221;on|desktop&#8221; transform_origin__hover_enabled=&#8221;on|desktop&#8221; transform_scale__hover=&#8221;108%|108%&#8221; box_shadow_color__hover_enabled=&#8221;on|hover&#8221; box_shadow_vertical__hover_enabled=&#8221;on|hover&#8221; box_shadow_horizontal__hover_enabled=&#8221;off|hover&#8221; box_shadow_blur__hover_enabled=&#8221;on|hover&#8221; box_shadow_color__hover=&#8221;rgba(0,0,0,0.56)&#8221; box_shadow_vertical__hover=&#8221;64px&#8221; box_shadow_blur__hover=&#8221;64px&#8221; background__hover_enabled=&#8221;on|hover&#8221; background_color_gradient_start__hover=&#8221;rgba(31,31,38,0.88)&#8221; background_color_gradient_end__hover=&#8221;rgba(31,31,38,0.88)&#8221; background_color_gradient_stops__hover=&#8221;rgba(31,31,38,0.88) 0%|rgba(31,31,38,0.88) 100%&#8221; theme_builder_area=&#8221;post_content&#8221;][et_pb_text _builder_version=&#8221;4.17.6&#8243; header_3_font=&#8221;Courier Prime||||||||&#8221; header_3_font_size=&#8221;30px&#8221; header_3_line_height=&#8221;1.3em&#8221; header_4_font=&#8221;ABeeZee|700||on|||||&#8221; header_4_text_color=&#8221;#ffffff&#8221; header_4_font_size=&#8221;14px&#8221; header_4_letter_spacing=&#8221;2px&#8221; header_4_line_height=&#8221;1.4em&#8221; background_layout=&#8221;dark&#8221; custom_margin=&#8221;20px|20px|20px|20px|true|true&#8221; custom_padding=&#8221;60%|20px|20px|20px|false|true&#8221; custom_padding_tablet=&#8221;30%|10px|10px|10px|false|true&#8221; custom_padding_phone=&#8221;&#8221; custom_padding_last_edited=&#8221;on|tablet&#8221; header_3_font_size_tablet=&#8221;22px&#8221; header_3_font_size_phone=&#8221;20px&#8221; header_3_font_size_last_edited=&#8221;on|phone&#8221; border_width_all=&#8221;2px&#8221; border_color_all=&#8221;rgba(190,168,143,0)&#8221; border_style_all=&#8221;dashed&#8221; locked=&#8221;off&#8221; global_colors_info=&#8221;{}&#8221; border_color_all__hover_enabled=&#8221;on|desktop&#8221; border_color_all__hover=&#8221;rgba(190,168,143,0.32)&#8221; theme_builder_area=&#8221;post_content&#8221;]<\/p>\n<h3>Aromas de ITACA<\/h3>\n<h4><span>Medio d\u00eda a bordo de ITACA es el escenario perfecto <\/span><\/h4>\n<h4><span>para emprender un viaje interior de autorreflexi\u00f3n.<\/span><\/h4>\n<p>[\/et_pb_text][et_pb_button button_url=&#8221;@ET-DC@eyJkeW5hbWljIjp0cnVlLCJjb250ZW50IjoicG9zdF9saW5rX3VybF9wcm9kdWN0Iiwic2V0dGluZ3MiOnsicG9zdF9pZCI6IjkwNCJ9fQ==@&#8221; button_text=&#8221;Take a break,,,&#8221; _builder_version=&#8221;4.17.6&#8243; _dynamic_attributes=&#8221;button_url&#8221; _module_preset=&#8221;default&#8221; custom_button=&#8221;on&#8221; button_text_size=&#8221;16px&#8221; button_text_color=&#8221;#FFFFFF&#8221; custom_margin=&#8221;-19px||17px|38px|false|false&#8221; global_colors_info=&#8221;{}&#8221; theme_builder_area=&#8221;post_content&#8221;][\/et_pb_button][\/et_pb_column][\/et_pb_row][et_pb_row column_structure=&#8221;1_2,1_2&#8243; use_custom_gutter=&#8221;on&#8221; gutter_width=&#8221;1&#8243; make_equal=&#8221;on&#8221; _builder_version=&#8221;4.17.6&#8243; width=&#8221;100%&#8221; max_width=&#8221;2560px&#8221; custom_padding=&#8221;0px||0px||true|&#8221; locked=&#8221;off&#8221; global_colors_info=&#8221;{}&#8221; z_index__hover_enabled=&#8221;on|hover&#8221; z_index__hover=&#8221;20&#8243; theme_builder_area=&#8221;post_content&#8221;][et_pb_column type=&#8221;1_2&#8243; _builder_version=&#8221;4.17.6&#8243; use_background_color_gradient=&#8221;on&#8221; background_color_gradient_stops=&#8221;rgba(67,78,92,0.32) 0%|rgba(33,38,45,0.64) 100%&#8221; background_color_gradient_overlays_image=&#8221;on&#8221; background_color_gradient_start=&#8221;rgba(67,78,92,0.32)&#8221; background_color_gradient_end=&#8221;rgba(33,38,45,0.64)&#8221; background_image=&#8221;https:\/\/navegocontigo.com\/wp-content\/uploads\/2022\/08\/IMG_3240.jpg&#8221; link_option_url=&#8221;#&#8221; border_width_all=&#8221;1px&#8221; border_color_all=&#8221;#ffffff&#8221; box_shadow_style=&#8221;preset3&#8243; box_shadow_spread=&#8221;-32px&#8221; box_shadow_color=&#8221;rgba(0,0,0,0)&#8221; global_colors_info=&#8221;{}&#8221; z_index__hover_enabled=&#8221;on|desktop&#8221; z_index__hover=&#8221;20&#8243; transform_styles__hover_enabled=&#8221;on|hover&#8221; transform_scale__hover_enabled=&#8221;on|hover&#8221; transform_translate__hover_enabled=&#8221;on|desktop&#8221; transform_rotate__hover_enabled=&#8221;on|desktop&#8221; transform_skew__hover_enabled=&#8221;on|desktop&#8221; transform_origin__hover_enabled=&#8221;on|desktop&#8221; transform_scale__hover=&#8221;108%|108%&#8221; box_shadow_color__hover_enabled=&#8221;on|hover&#8221; box_shadow_vertical__hover_enabled=&#8221;on|hover&#8221; box_shadow_horizontal__hover_enabled=&#8221;off|hover&#8221; box_shadow_blur__hover_enabled=&#8221;on|hover&#8221; box_shadow_color__hover=&#8221;rgba(0,0,0,0.56)&#8221; box_shadow_vertical__hover=&#8221;64px&#8221; box_shadow_blur__hover=&#8221;64px&#8221; background__hover_enabled=&#8221;on|desktop&#8221; background_color_gradient_end__hover=&#8221;rgba(31,31,38,0.88)&#8221; background_color_gradient_start__hover=&#8221;rgba(31,31,38,0.88)&#8221; background_color_gradient_stops__hover=&#8221;rgba(31,31,38,0.88) 0%|rgba(31,31,38,0.88) 100%&#8221; theme_builder_area=&#8221;post_content&#8221;][et_pb_text _builder_version=&#8221;4.16&#8243; header_3_font=&#8221;Courier Prime||||||||&#8221; header_3_font_size=&#8221;30px&#8221; header_3_line_height=&#8221;1.3em&#8221; header_4_font=&#8221;ABeeZee|700||on|||||&#8221; header_4_text_color=&#8221;#ffffff&#8221; header_4_font_size=&#8221;14px&#8221; header_4_letter_spacing=&#8221;2px&#8221; header_4_line_height=&#8221;1.4em&#8221; background_layout=&#8221;dark&#8221; custom_margin=&#8221;20px|20px|20px|20px|true|true&#8221; custom_padding=&#8221;60%|20px|20px|20px|false|true&#8221; custom_padding_tablet=&#8221;30%|10px|10px|10px|false|true&#8221; custom_padding_phone=&#8221;&#8221; custom_padding_last_edited=&#8221;on|tablet&#8221; header_3_font_size_tablet=&#8221;22px&#8221; header_3_font_size_phone=&#8221;20px&#8221; header_3_font_size_last_edited=&#8221;on|phone&#8221; border_width_all=&#8221;2px&#8221; border_color_all=&#8221;rgba(190,168,143,0)&#8221; border_style_all=&#8221;dashed&#8221; locked=&#8221;off&#8221; global_colors_info=&#8221;{}&#8221; border_color_all__hover_enabled=&#8221;on|desktop&#8221; border_color_all__hover=&#8221;rgba(190,168,143,0.32)&#8221; theme_builder_area=&#8221;post_content&#8221;]<\/p>\n<h3>Sunset ITACA<\/h3>\n<h4><span>Cualquier puesta de sol es m\u00e1gica, la puesta de sol a bordo de ITACA es la manera de encontrarse en sinton\u00eda con el universo... <\/span><\/h4>\n<h4><span>Siempre nos encontramos en el mar. <\/span><\/h4>\n<p>[\/et_pb_text][et_pb_button button_url=&#8221;@ET-DC@eyJkeW5hbWljIjp0cnVlLCJjb250ZW50IjoicG9zdF9saW5rX3VybF9wcm9kdWN0Iiwic2V0dGluZ3MiOnsicG9zdF9pZCI6IjkwMCJ9fQ==@&#8221; button_text=&#8221;Enjoy the moment,,,&#8221; _builder_version=&#8221;4.17.6&#8243; _dynamic_attributes=&#8221;button_url&#8221; _module_preset=&#8221;default&#8221; custom_button=&#8221;on&#8221; button_text_size=&#8221;16px&#8221; button_text_color=&#8221;#FFFFFF&#8221; custom_margin=&#8221;-19px||32px|38px|false|false&#8221; global_colors_info=&#8221;{}&#8221; theme_builder_area=&#8221;post_content&#8221;][\/et_pb_button][\/et_pb_column][et_pb_column type=&#8221;1_2&#8243; _builder_version=&#8221;4.17.6&#8243; use_background_color_gradient=&#8221;on&#8221; background_color_gradient_stops=&#8221;rgba(67,78,92,0.32) 0%|rgba(33,38,45,0.64) 100%&#8221; background_color_gradient_overlays_image=&#8221;on&#8221; background_color_gradient_start=&#8221;rgba(67,78,92,0.32)&#8221; background_color_gradient_end=&#8221;rgba(33,38,45,0.64)&#8221; background_image=&#8221;https:\/\/navegocontigo.com\/wp-content\/uploads\/2022\/08\/F2828A6F-447E-4937-8BEC-81290094B2FB-1-scaled.jpg&#8221; link_option_url=&#8221;#&#8221; border_width_all=&#8221;1px&#8221; border_color_all=&#8221;#ffffff&#8221; box_shadow_style=&#8221;preset3&#8243; box_shadow_spread=&#8221;-32px&#8221; box_shadow_color=&#8221;rgba(0,0,0,0)&#8221; global_colors_info=&#8221;{}&#8221; z_index__hover_enabled=&#8221;on|desktop&#8221; z_index__hover=&#8221;20&#8243; transform_styles__hover_enabled=&#8221;on|hover&#8221; transform_scale__hover_enabled=&#8221;on|hover&#8221; transform_translate__hover_enabled=&#8221;on|desktop&#8221; transform_rotate__hover_enabled=&#8221;on|desktop&#8221; transform_skew__hover_enabled=&#8221;on|desktop&#8221; transform_origin__hover_enabled=&#8221;on|desktop&#8221; transform_scale__hover=&#8221;108%|108%&#8221; box_shadow_color__hover_enabled=&#8221;on|hover&#8221; box_shadow_vertical__hover_enabled=&#8221;on|hover&#8221; box_shadow_horizontal__hover_enabled=&#8221;off|hover&#8221; box_shadow_blur__hover_enabled=&#8221;on|hover&#8221; box_shadow_color__hover=&#8221;rgba(0,0,0,0.56)&#8221; box_shadow_vertical__hover=&#8221;64px&#8221; box_shadow_blur__hover=&#8221;64px&#8221; background__hover_enabled=&#8221;on|desktop&#8221; background_color_gradient_start__hover=&#8221;rgba(31,31,38,0.88)&#8221; background_color_gradient_end__hover=&#8221;rgba(31,31,38,0.88)&#8221; background_color_gradient_stops__hover=&#8221;rgba(31,31,38,0.88) 0%|rgba(31,31,38,0.88) 100%&#8221; theme_builder_area=&#8221;post_content&#8221;][et_pb_text _builder_version=&#8221;4.16&#8243; header_3_font=&#8221;Courier Prime||||||||&#8221; header_3_font_size=&#8221;30px&#8221; header_3_line_height=&#8221;1.3em&#8221; header_4_font=&#8221;ABeeZee|700||on|||||&#8221; header_4_text_color=&#8221;#ffffff&#8221; header_4_font_size=&#8221;14px&#8221; header_4_letter_spacing=&#8221;2px&#8221; header_4_line_height=&#8221;1.4em&#8221; background_layout=&#8221;dark&#8221; custom_margin=&#8221;20px|20px|20px|20px|true|true&#8221; custom_padding=&#8221;60%|20px|20px|20px|false|true&#8221; custom_padding_tablet=&#8221;30%|10px|10px|10px|false|true&#8221; custom_padding_phone=&#8221;&#8221; custom_padding_last_edited=&#8221;on|tablet&#8221; header_3_font_size_tablet=&#8221;22px&#8221; header_3_font_size_phone=&#8221;20px&#8221; header_3_font_size_last_edited=&#8221;on|phone&#8221; border_width_all=&#8221;2px&#8221; border_color_all=&#8221;rgba(190,168,143,0)&#8221; border_style_all=&#8221;dashed&#8221; locked=&#8221;off&#8221; global_colors_info=&#8221;{}&#8221; border_color_all__hover_enabled=&#8221;on|desktop&#8221; border_color_all__hover=&#8221;rgba(190,168,143,0.32)&#8221; theme_builder_area=&#8221;post_content&#8221;]<\/p>\n<h3>Dreaming ITACA<\/h3>\n<h4><span>Pasar la noche a bordo de ITACA es una experiencia \u00fanica.<\/span><\/h4>\n<h4><span>Te dar\u00e1s cuenta de c\u00f3mo estar en el oc\u00e9ano <\/span>te ayuda a bajar el ritmo y relajarte.<\/h4>\n<p>[\/et_pb_text][et_pb_button button_url=&#8221;@ET-DC@eyJkeW5hbWljIjp0cnVlLCJjb250ZW50IjoicG9zdF9saW5rX3VybF9wcm9kdWN0Iiwic2V0dGluZ3MiOnsicG9zdF9pZCI6IjkwMyJ9fQ==@&#8221; button_text=&#8221;Rest,,,&#8221; _builder_version=&#8221;4.17.6&#8243; _dynamic_attributes=&#8221;button_url&#8221; _module_preset=&#8221;default&#8221; custom_button=&#8221;on&#8221; button_text_size=&#8221;16px&#8221; button_text_color=&#8221;#FFFFFF&#8221; custom_margin=&#8221;-19px||17px|38px|false|false&#8221; global_colors_info=&#8221;{}&#8221; theme_builder_area=&#8221;post_content&#8221;][\/et_pb_button][\/et_pb_column][\/et_pb_row][\/et_pb_section]<\/p>","protected":false},"excerpt":{"rendered":"<p>ExperiencesAboard ITACA If you feel the challenge of a conscious sailing, bring along your travelling companions and enjoy Itaca for a full day.\u00a0Scents of ITACA Half day aboard ITACA is the perfect setting to go on an inner journey of self-reflection.Sunset ITACA Any sunset is magical, the sunset aboard ITACA is the way to find [&hellip;]<\/p>","protected":false},"author":1,"featured_media":0,"parent":0,"menu_order":0,"comment_status":"closed","ping_status":"closed","template":"","meta":{"_et_pb_use_builder":"on","_et_pb_old_content":"","_et_gb_content_width":""},"yoast_head":"<!-- This site is optimized with the Yoast SEO plugin v20.4 - https:\/\/yoast.com\/wordpress\/plugins\/seo\/ -->\n<title>Shop - navegocontigo<\/title>\n<meta name=\"description\" content=\"Find teh perfect sailing experience to enjoy a conscious sailing abord our saiolboat ITACA. The perfect scEnario to enjoy de Galicia.\" \/>\n<meta name=\"robots\" content=\"index, follow, max-snippet:-1, max-image-preview:large, max-video-preview:-1\" \/>\n<link rel=\"canonical\" href=\"https:\/\/navegocontigo.com\/es\/shop\/\" \/>\n<meta property=\"og:locale\" content=\"es_ES\" \/>\n<meta property=\"og:type\" content=\"article\" \/>\n<meta property=\"og:title\" content=\"Shop - navegocontigo\" \/>\n<meta property=\"og:description\" content=\"Find teh perfect sailing experience to enjoy a conscious sailing abord our saiolboat ITACA. The perfect scEnario to enjoy de Galicia.\" \/>\n<meta property=\"og:url\" content=\"https:\/\/navegocontigo.com\/es\/shop\/\" \/>\n<meta property=\"og:site_name\" content=\"navegocontigo\" \/>\n<meta property=\"article:publisher\" content=\"https:\/\/www.facebook.com\/navegocontigo\" \/>\n<meta property=\"article:modified_time\" content=\"2023-03-14T19:21:35+00:00\" \/>\n<meta name=\"twitter:card\" content=\"summary_large_image\" \/>\n<meta name=\"twitter:label1\" content=\"Tiempo de lectura\" \/>\n\t<meta name=\"twitter:data1\" content=\"2 minutos\" \/>\n<script type=\"application\/ld+json\" class=\"yoast-schema-graph\">{\"@context\":\"https:\/\/schema.org\",\"@graph\":[{\"@type\":\"WebPage\",\"@id\":\"https:\/\/navegocontigo.com\/shop\/\",\"url\":\"https:\/\/navegocontigo.com\/shop\/\",\"name\":\"Shop - navegocontigo\",\"isPartOf\":{\"@id\":\"https:\/\/navegocontigo.com\/#website\"},\"datePublished\":\"2023-01-31T21:04:54+00:00\",\"dateModified\":\"2023-03-14T19:21:35+00:00\",\"description\":\"Find teh perfect sailing experience to enjoy a conscious sailing abord our saiolboat ITACA. The perfect scEnario to enjoy de Galicia.\",\"breadcrumb\":{\"@id\":\"https:\/\/navegocontigo.com\/shop\/#breadcrumb\"},\"inLanguage\":\"es\",\"potentialAction\":[{\"@type\":\"ReadAction\",\"target\":[\"https:\/\/navegocontigo.com\/shop\/\"]}]},{\"@type\":\"BreadcrumbList\",\"@id\":\"https:\/\/navegocontigo.com\/shop\/#breadcrumb\",\"itemListElement\":[{\"@type\":\"ListItem\",\"position\":1,\"name\":\"Portada\",\"item\":\"https:\/\/navegocontigo.com\/\"},{\"@type\":\"ListItem\",\"position\":2,\"name\":\"Shop\"}]},{\"@type\":\"WebSite\",\"@id\":\"https:\/\/navegocontigo.com\/#website\",\"url\":\"https:\/\/navegocontigo.com\/\",\"name\":\"navegocontigo\",\"description\":\"Conscious Sailing - Rent a Boat\",\"publisher\":{\"@id\":\"https:\/\/navegocontigo.com\/#organization\"},\"potentialAction\":[{\"@type\":\"SearchAction\",\"target\":{\"@type\":\"EntryPoint\",\"urlTemplate\":\"https:\/\/navegocontigo.com\/?s={search_term_string}\"},\"query-input\":\"required name=search_term_string\"}],\"inLanguage\":\"es\"},{\"@type\":\"Organization\",\"@id\":\"https:\/\/navegocontigo.com\/#organization\",\"name\":\"navegocontigo\",\"url\":\"https:\/\/navegocontigo.com\/\",\"logo\":{\"@type\":\"ImageObject\",\"inLanguage\":\"es\",\"@id\":\"https:\/\/navegocontigo.com\/#\/schema\/logo\/image\/\",\"url\":\"https:\/\/navegocontigo.com\/wp-content\/uploads\/2022\/08\/cropped-logo-negro-1.png\",\"contentUrl\":\"https:\/\/navegocontigo.com\/wp-content\/uploads\/2022\/08\/cropped-logo-negro-1.png\",\"width\":512,\"height\":512,\"caption\":\"navegocontigo\"},\"image\":{\"@id\":\"https:\/\/navegocontigo.com\/#\/schema\/logo\/image\/\"},\"sameAs\":[\"https:\/\/www.facebook.com\/navegocontigo\",\"https:\/\/www.instagram.com\/navegocontigo\/\"]}]}<\/script>\n<!-- \/ Yoast SEO plugin. -->","yoast_head_json":{"title":"Shop - navegocontigo","description":"Find teh perfect sailing experience to enjoy a conscious sailing abord our saiolboat ITACA. The perfect scEnario to enjoy de Galicia.","robots":{"index":"index","follow":"follow","max-snippet":"max-snippet:-1","max-image-preview":"max-image-preview:large","max-video-preview":"max-video-preview:-1"},"canonical":"https:\/\/navegocontigo.com\/es\/shop\/","og_locale":"es_ES","og_type":"article","og_title":"Shop - navegocontigo","og_description":"Find teh perfect sailing experience to enjoy a conscious sailing abord our saiolboat ITACA. The perfect scEnario to enjoy de Galicia.","og_url":"https:\/\/navegocontigo.com\/es\/shop\/","og_site_name":"navegocontigo","article_publisher":"https:\/\/www.facebook.com\/navegocontigo","article_modified_time":"2023-03-14T19:21:35+00:00","twitter_card":"summary_large_image","twitter_misc":{"Tiempo de lectura":"2 minutos"},"schema":{"@context":"https:\/\/schema.org","@graph":[{"@type":"WebPage","@id":"https:\/\/navegocontigo.com\/shop\/","url":"https:\/\/navegocontigo.com\/shop\/","name":"Shop - navegocontigo","isPartOf":{"@id":"https:\/\/navegocontigo.com\/#website"},"datePublished":"2023-01-31T21:04:54+00:00","dateModified":"2023-03-14T19:21:35+00:00","description":"Find teh perfect sailing experience to enjoy a conscious sailing abord our saiolboat ITACA. The perfect scEnario to enjoy de Galicia.","breadcrumb":{"@id":"https:\/\/navegocontigo.com\/shop\/#breadcrumb"},"inLanguage":"es","potentialAction":[{"@type":"ReadAction","target":["https:\/\/navegocontigo.com\/shop\/"]}]},{"@type":"BreadcrumbList","@id":"https:\/\/navegocontigo.com\/shop\/#breadcrumb","itemListElement":[{"@type":"ListItem","position":1,"name":"Portada","item":"https:\/\/navegocontigo.com\/"},{"@type":"ListItem","position":2,"name":"Shop"}]},{"@type":"WebSite","@id":"https:\/\/navegocontigo.com\/#website","url":"https:\/\/navegocontigo.com\/","name":"navegocontigo","description":"Conscious Sailing - Rent a Boat","publisher":{"@id":"https:\/\/navegocontigo.com\/#organization"},"potentialAction":[{"@type":"SearchAction","target":{"@type":"EntryPoint","urlTemplate":"https:\/\/navegocontigo.com\/?s={search_term_string}"},"query-input":"required name=search_term_string"}],"inLanguage":"es"},{"@type":"Organization","@id":"https:\/\/navegocontigo.com\/#organization","name":"navegocontigo","url":"https:\/\/navegocontigo.com\/","logo":{"@type":"ImageObject","inLanguage":"es","@id":"https:\/\/navegocontigo.com\/#\/schema\/logo\/image\/","url":"https:\/\/navegocontigo.com\/wp-content\/uploads\/2022\/08\/cropped-logo-negro-1.png","contentUrl":"https:\/\/navegocontigo.com\/wp-content\/uploads\/2022\/08\/cropped-logo-negro-1.png","width":512,"height":512,"caption":"navegocontigo"},"image":{"@id":"https:\/\/navegocontigo.com\/#\/schema\/logo\/image\/"},"sameAs":["https:\/\/www.facebook.com\/navegocontigo","https:\/\/www.instagram.com\/navegocontigo\/"]}]}},"_links":{"self":[{"href":"https:\/\/navegocontigo.com\/es\/wp-json\/wp\/v2\/pages\/741"}],"collection":[{"href":"https:\/\/navegocontigo.com\/es\/wp-json\/wp\/v2\/pages"}],"about":[{"href":"https:\/\/navegocontigo.com\/es\/wp-json\/wp\/v2\/types\/page"}],"author":[{"embeddable":true,"href":"https:\/\/navegocontigo.com\/es\/wp-json\/wp\/v2\/users\/1"}],"replies":[{"embeddable":true,"href":"https:\/\/navegocontigo.com\/es\/wp-json\/wp\/v2\/comments?post=741"}],"version-history":[{"count":6,"href":"https:\/\/navegocontigo.com\/es\/wp-json\/wp\/v2\/pages\/741\/revisions"}],"predecessor-version":[{"id":974,"href":"https:\/\/navegocontigo.com\/es\/wp-json\/wp\/v2\/pages\/741\/revisions\/974"}],"wp:attachment":[{"href":"https:\/\/navegocontigo.com\/es\/wp-json\/wp\/v2\/media?parent=741"}],"curies":[{"name":"wp","href":"https:\/\/api.w.org\/{rel}","templated":true}]}}