{"id":836,"date":"2023-02-13T22:59:20","date_gmt":"2023-02-13T22:59:20","guid":{"rendered":"https:\/\/navegocontigo.com\/?page_id=836"},"modified":"2023-02-13T23:01:06","modified_gmt":"2023-02-13T23:01:06","slug":"privacy-policy","status":"publish","type":"page","link":"https:\/\/navegocontigo.com\/es\/privacy-policy\/","title":{"rendered":"Privacy Policy"},"content":{"rendered":"<p>Protection of personal data<\/p>\n\n\n\n<p>The access of the users to the portal and the purchase of the products offered through the web page implies the treatment of personal data. For Javier G\u00f3ngora Fern\u00e1ndez, compliance with the regulations on personal data protection and on information society services and electronic commerce is of great importance.<\/p>\n\n\n\n<p>Generally, people who use the website do so without providing any personal data. However, in order to access to the services, users, in certain cases, will have to provide certain personal data. Javier G\u00f3ngora Fern\u00e1ndez, guarantees the confidentiality of the personal data provided by the users, according to the provisions of the regulations on Personal Data Protection, and on Information Society Services and Electronic Commerce.<\/p>\n\n\n\n<p>Javier G\u00f3ngora Fern\u00e1ndez complies with the current legislation on data protection, having adopted the necessary administrative and technical procedures to guarantee the security of the personal data it collects.<\/p>\n\n\n\n<p>In this sense, the User is informed and gives his consent for the incorporation of his data to the automated files owned by Javier G\u00f3ngora Fern\u00e1ndez, with address at Lugar de Chela, Fiobre 100 B, CP 15165 Bergondo, A Coru\u00f1a, duly registered before the General Registry of Personal Data Protection, and for the automated treatment of his data, as a consequence of the consultation, request or contracting of any service, or of any transaction or operation carried out, with the purpose of accessing the information and services provided by Javier G\u00f3ngora Fern\u00e1ndez through the web page, and in its case for the maintenance of the contractual relationship, as well as for the sending of offers or advertising and promotional communications.<\/p>\n\n\n\n<p>The User declares that all the data provided by him\/her are true and correct, and undertakes to inform Javier G\u00f3ngora Fern\u00e1ndez of any changes that may occur in them. The User has the right to oppose to the treatment of any of his data that are not essential for the conclusion of the contract and to its use for any purpose other than the maintenance of the contractual relationship.<\/p>\n\n\n\n<p>The privacy policy of Javier G\u00f3ngora Fern\u00e1ndez guarantees the User in any case the possibility of exercising his right of access, rectification, cancellation and opposition of his data, notifying it to Javier G\u00f3ngora Fern\u00e1ndez by sending an e-mail to the e-mail address javier@navegocontigo.com with a copy of his ID card.<\/p>\n\n\n\n<p>Likewise, and in compliance with the Law 34\/2002 of Services of the Information Society and Electronic Commerce, Javier G\u00f3ngora Fern\u00e1ndez will exclusively send advertising and promotional offers or communications by electronic means to his e-mail address or through other equivalent electronic means of communication, to those Users who expressly give their consent.<\/p>\n\n\n\n<p>Javier G\u00f3ngora Fern\u00e1ndez informs the User that he\/she will be able to unsubscribe from this type of communications, following the instructions that appear at the end of all our e-mails or communicating it in writing to the e-mail address javier@navegocontigo.com.<\/p>\n\n\n\n<p><strong>Rights and obligations of the parties<\/strong><\/p>\n\n\n\n<ol><li>Obligations of Javier G\u00f3ngora Fern\u00e1ndez<\/li><\/ol>\n\n\n\n<p>The companies adhered to Javier G\u00f3ngora Fern\u00e1ndez, undertake to comply with the following contractual obligations derived from the commercial relationship with the user as a consequence of the contracting of services by the user:<\/p>\n\n\n\n<ul><li>To provide with the maximum guarantees to the user, the service requested by the user in accordance with the provisions of the contracting conditions, without breaching the contractual good faith.<\/li><li>Expressly inform the user of the existence of these conditions prior to the start of the contracting procedure.<\/li><li>Inform the user prior to the contracting and in a concrete, clear, precise and unequivocal way, of the specific characteristics of the requested services, such as the price of the same and the applicable taxes.<\/li><li>Make available to the user a copy of the text of the general conditions.<\/li><\/ul>\n\n\n\n<ol><li>Obligations of the user<\/li><\/ol>\n\n\n\n<p>For its part, the user undertakes to:<\/p>\n\n\n\n<ul><li>To carry out the complete fulfillment of what is established in the present conditions of the services provided by Javier G\u00f3ngora Fern\u00e1ndez.<\/li><li>To complete the registration forms prior to the beginning of the contracting procedure with truthful and current information.<\/li><li>To correctly provide the bank details requested by Javier G\u00f3ngora Fern\u00e1ndez.<\/li><li>To pay the price of the products purchased, without the presentation of a claim exempting him\/her from this obligation.<\/li><\/ul>\n\n\n\n<ol><li>Rights of the user:<\/li><\/ol>\n\n\n\n<p>All the information provided to the client will have the character of binding for the offerer in the terms established by the current legislation.<\/p>\n\n\n\n<p>Every user has the right that the goods purchased are of the category and legal requirements contracted or of that quality that is in direct proportion to the category of the establishment.<\/p>","protected":false},"excerpt":{"rendered":"<p>Protection of personal data The access of the users to the portal and the purchase of the products offered through the web page implies the treatment of personal data. For Javier G\u00f3ngora Fern\u00e1ndez, compliance with the regulations on personal data protection and on information society services and electronic commerce is of great importance. Generally, people [&hellip;]<\/p>","protected":false},"author":1,"featured_media":0,"parent":0,"menu_order":0,"comment_status":"closed","ping_status":"closed","template":"","meta":{"_et_pb_use_builder":"off","_et_pb_old_content":"","_et_gb_content_width":"1080"},"yoast_head":"<!-- This site is optimized with the Yoast SEO plugin v20.4 - https:\/\/yoast.com\/wordpress\/plugins\/seo\/ -->\n<title>Privacy Policy - navegocontigo<\/title>\n<meta name=\"robots\" content=\"index, follow, max-snippet:-1, max-image-preview:large, max-video-preview:-1\" \/>\n<link rel=\"canonical\" href=\"https:\/\/navegocontigo.com\/es\/privacy-policy\/\" \/>\n<meta property=\"og:locale\" content=\"es_ES\" \/>\n<meta property=\"og:type\" content=\"article\" \/>\n<meta property=\"og:title\" content=\"Privacy Policy - navegocontigo\" \/>\n<meta property=\"og:description\" content=\"Protection of personal data The access of the users to the portal and the purchase of the products offered through the web page implies the treatment of personal data. For Javier G\u00f3ngora Fern\u00e1ndez, compliance with the regulations on personal data protection and on information society services and electronic commerce is of great importance. Generally, people [&hellip;]\" \/>\n<meta property=\"og:url\" content=\"https:\/\/navegocontigo.com\/es\/privacy-policy\/\" \/>\n<meta property=\"og:site_name\" content=\"navegocontigo\" \/>\n<meta property=\"article:publisher\" content=\"https:\/\/www.facebook.com\/navegocontigo\" \/>\n<meta property=\"article:modified_time\" content=\"2023-02-13T23:01:06+00:00\" \/>\n<meta name=\"twitter:card\" content=\"summary_large_image\" \/>\n<meta name=\"twitter:label1\" content=\"Tiempo de lectura\" \/>\n\t<meta name=\"twitter:data1\" content=\"4 minutos\" \/>\n<script type=\"application\/ld+json\" class=\"yoast-schema-graph\">{\"@context\":\"https:\/\/schema.org\",\"@graph\":[{\"@type\":\"WebPage\",\"@id\":\"https:\/\/navegocontigo.com\/privacy-policy\/\",\"url\":\"https:\/\/navegocontigo.com\/privacy-policy\/\",\"name\":\"Privacy Policy - navegocontigo\",\"isPartOf\":{\"@id\":\"https:\/\/navegocontigo.com\/#website\"},\"datePublished\":\"2023-02-13T22:59:20+00:00\",\"dateModified\":\"2023-02-13T23:01:06+00:00\",\"breadcrumb\":{\"@id\":\"https:\/\/navegocontigo.com\/privacy-policy\/#breadcrumb\"},\"inLanguage\":\"es\",\"potentialAction\":[{\"@type\":\"ReadAction\",\"target\":[\"https:\/\/navegocontigo.com\/privacy-policy\/\"]}]},{\"@type\":\"BreadcrumbList\",\"@id\":\"https:\/\/navegocontigo.com\/privacy-policy\/#breadcrumb\",\"itemListElement\":[{\"@type\":\"ListItem\",\"position\":1,\"name\":\"Portada\",\"item\":\"https:\/\/navegocontigo.com\/\"},{\"@type\":\"ListItem\",\"position\":2,\"name\":\"Privacy Policy\"}]},{\"@type\":\"WebSite\",\"@id\":\"https:\/\/navegocontigo.com\/#website\",\"url\":\"https:\/\/navegocontigo.com\/\",\"name\":\"navegocontigo\",\"description\":\"Conscious Sailing - Rent a Boat\",\"publisher\":{\"@id\":\"https:\/\/navegocontigo.com\/#organization\"},\"potentialAction\":[{\"@type\":\"SearchAction\",\"target\":{\"@type\":\"EntryPoint\",\"urlTemplate\":\"https:\/\/navegocontigo.com\/?s={search_term_string}\"},\"query-input\":\"required name=search_term_string\"}],\"inLanguage\":\"es\"},{\"@type\":\"Organization\",\"@id\":\"https:\/\/navegocontigo.com\/#organization\",\"name\":\"navegocontigo\",\"url\":\"https:\/\/navegocontigo.com\/\",\"logo\":{\"@type\":\"ImageObject\",\"inLanguage\":\"es\",\"@id\":\"https:\/\/navegocontigo.com\/#\/schema\/logo\/image\/\",\"url\":\"https:\/\/navegocontigo.com\/wp-content\/uploads\/2022\/08\/cropped-logo-negro-1.png\",\"contentUrl\":\"https:\/\/navegocontigo.com\/wp-content\/uploads\/2022\/08\/cropped-logo-negro-1.png\",\"width\":512,\"height\":512,\"caption\":\"navegocontigo\"},\"image\":{\"@id\":\"https:\/\/navegocontigo.com\/#\/schema\/logo\/image\/\"},\"sameAs\":[\"https:\/\/www.facebook.com\/navegocontigo\",\"https:\/\/www.instagram.com\/navegocontigo\/\"]}]}<\/script>\n<!-- \/ Yoast SEO plugin. -->","yoast_head_json":{"title":"Privacy Policy - navegocontigo","robots":{"index":"index","follow":"follow","max-snippet":"max-snippet:-1","max-image-preview":"max-image-preview:large","max-video-preview":"max-video-preview:-1"},"canonical":"https:\/\/navegocontigo.com\/es\/privacy-policy\/","og_locale":"es_ES","og_type":"article","og_title":"Privacy Policy - navegocontigo","og_description":"Protection of personal data The access of the users to the portal and the purchase of the products offered through the web page implies the treatment of personal data. For Javier G\u00f3ngora Fern\u00e1ndez, compliance with the regulations on personal data protection and on information society services and electronic commerce is of great importance. Generally, people [&hellip;]","og_url":"https:\/\/navegocontigo.com\/es\/privacy-policy\/","og_site_name":"navegocontigo","article_publisher":"https:\/\/www.facebook.com\/navegocontigo","article_modified_time":"2023-02-13T23:01:06+00:00","twitter_card":"summary_large_image","twitter_misc":{"Tiempo de lectura":"4 minutos"},"schema":{"@context":"https:\/\/schema.org","@graph":[{"@type":"WebPage","@id":"https:\/\/navegocontigo.com\/privacy-policy\/","url":"https:\/\/navegocontigo.com\/privacy-policy\/","name":"Privacy Policy - navegocontigo","isPartOf":{"@id":"https:\/\/navegocontigo.com\/#website"},"datePublished":"2023-02-13T22:59:20+00:00","dateModified":"2023-02-13T23:01:06+00:00","breadcrumb":{"@id":"https:\/\/navegocontigo.com\/privacy-policy\/#breadcrumb"},"inLanguage":"es","potentialAction":[{"@type":"ReadAction","target":["https:\/\/navegocontigo.com\/privacy-policy\/"]}]},{"@type":"BreadcrumbList","@id":"https:\/\/navegocontigo.com\/privacy-policy\/#breadcrumb","itemListElement":[{"@type":"ListItem","position":1,"name":"Portada","item":"https:\/\/navegocontigo.com\/"},{"@type":"ListItem","position":2,"name":"Privacy Policy"}]},{"@type":"WebSite","@id":"https:\/\/navegocontigo.com\/#website","url":"https:\/\/navegocontigo.com\/","name":"navegocontigo","description":"Conscious Sailing - Rent a Boat","publisher":{"@id":"https:\/\/navegocontigo.com\/#organization"},"potentialAction":[{"@type":"SearchAction","target":{"@type":"EntryPoint","urlTemplate":"https:\/\/navegocontigo.com\/?s={search_term_string}"},"query-input":"required name=search_term_string"}],"inLanguage":"es"},{"@type":"Organization","@id":"https:\/\/navegocontigo.com\/#organization","name":"navegocontigo","url":"https:\/\/navegocontigo.com\/","logo":{"@type":"ImageObject","inLanguage":"es","@id":"https:\/\/navegocontigo.com\/#\/schema\/logo\/image\/","url":"https:\/\/navegocontigo.com\/wp-content\/uploads\/2022\/08\/cropped-logo-negro-1.png","contentUrl":"https:\/\/navegocontigo.com\/wp-content\/uploads\/2022\/08\/cropped-logo-negro-1.png","width":512,"height":512,"caption":"navegocontigo"},"image":{"@id":"https:\/\/navegocontigo.com\/#\/schema\/logo\/image\/"},"sameAs":["https:\/\/www.facebook.com\/navegocontigo","https:\/\/www.instagram.com\/navegocontigo\/"]}]}},"_links":{"self":[{"href":"https:\/\/navegocontigo.com\/es\/wp-json\/wp\/v2\/pages\/836"}],"collection":[{"href":"https:\/\/navegocontigo.com\/es\/wp-json\/wp\/v2\/pages"}],"about":[{"href":"https:\/\/navegocontigo.com\/es\/wp-json\/wp\/v2\/types\/page"}],"author":[{"embeddable":true,"href":"https:\/\/navegocontigo.com\/es\/wp-json\/wp\/v2\/users\/1"}],"replies":[{"embeddable":true,"href":"https:\/\/navegocontigo.com\/es\/wp-json\/wp\/v2\/comments?post=836"}],"version-history":[{"count":2,"href":"https:\/\/navegocontigo.com\/es\/wp-json\/wp\/v2\/pages\/836\/revisions"}],"predecessor-version":[{"id":838,"href":"https:\/\/navegocontigo.com\/es\/wp-json\/wp\/v2\/pages\/836\/revisions\/838"}],"wp:attachment":[{"href":"https:\/\/navegocontigo.com\/es\/wp-json\/wp\/v2\/media?parent=836"}],"curies":[{"name":"wp","href":"https:\/\/api.w.org\/{rel}","templated":true}]}}